  
{"id":107,"date":"2024-07-15T10:51:46","date_gmt":"2024-07-15T10:51:46","guid":{"rendered":"https:\/\/sklep.telmalmk.pl\/?page_id=107"},"modified":"2024-07-17T11:09:28","modified_gmt":"2024-07-17T11:09:28","slug":"regulamin-sklepu","status":"publish","type":"page","link":"https:\/\/sklep.telmalmk.pl\/?page_id=107","title":{"rendered":"Regulamin sklepu"},"content":{"rendered":"\n<p>Regulamin Sklepu Internetowego<\/p>\n\n\n\n<p>\u00a7 1 Postanowienia og\u00f3lne<\/p>\n\n\n\n<pre class=\"wp-block-code\"><code>Sklep internetowy pod adresem www.sklep.telmalmk.pl prowadzony jest przez firm\u0119 Telmal Malec Krzysztof z siedzib\u0105 przy ulicy P\u00f3\u0142nocna 8 Pierwoszyno i numerze NIP 584-102-72-30\nNiniejszy regulamin okre\u015bla zasady dokonywania zakup\u00f3w w sklepie internetowym.\nKorzystanie ze sklepu internetowego oznacza akceptacj\u0119 niniejszego regulaminu.<\/code><\/pre>\n\n\n\n<p>\u00a7 2 Zam\u00f3wienia<\/p>\n\n\n\n<pre class=\"wp-block-code\"><code>Zam\u00f3wienia w sklepie internetowym mo\u017cna sk\u0142ada\u0107 przez platform\u0119 internetow\u0105 dost\u0119pn\u0105 na stronie www.przykladowysklep.pl.\nPo z\u0142o\u017ceniu zam\u00f3wienia Klient otrzymuje potwierdzenie na podany adres e-mail.\nSklep zastrzega sobie prawo do odmowy realizacji zam\u00f3wienia w przypadku braku mo\u017cliwo\u015bci realizacji, b\u0142\u0119d\u00f3w w zam\u00f3wieniu lub podejrzenia nadu\u017cycia.<\/code><\/pre>\n\n\n\n<p>\u00a7 3 Dostawa<\/p>\n\n\n\n<pre class=\"wp-block-code\"><code>Dostawa towar\u00f3w odbywa si\u0119 za po\u015brednictwem firm kurierskich na terenie Polski.\nKoszt dostawy jest uzale\u017cniony od wagi zam\u00f3wienia i jest podany przy sk\u0142adaniu zam\u00f3wienia.\nTermin dostawy wynosi zazwyczaj 2-3 dni robocze.<\/code><\/pre>\n\n\n\n<p>\u00a7 4 P\u0142atno\u015bci<\/p>\n\n\n\n<pre class=\"wp-block-code\"><code>Sklep internetowy umo\u017cliwia p\u0142atno\u015bci za zam\u00f3wienia za po\u015brednictwem systemu p\u0142atno\u015bci online oraz przelewem tradycyjnym.\nZam\u00f3wienie zostanie zrealizowane po zaksi\u0119gowaniu wp\u0142aty na konto sklepu.<\/code><\/pre>\n\n\n\n<p>\u00a7 5 Zwroty i reklamacje<\/p>\n\n\n\n<pre class=\"wp-block-code\"><code>Klient ma prawo do zwrotu towaru w ci\u0105gu 14 dni od otrzymania zam\u00f3wienia.\nReklamacje dotycz\u0105ce wad towaru nale\u017cy zg\u0142asza\u0107 w ci\u0105gu 30 dni od otrzymania zam\u00f3wienia.<\/code><\/pre>\n\n\n\n<p>\u00a7 6 Postanowienia ko\u0144cowe<\/p>\n\n\n\n<pre class=\"wp-block-code\"><code>Sklep zastrzega sobie prawo do zmiany regulaminu.\nW sprawach nieuregulowanych w regulaminie maj\u0105 zastosowanie przepisy prawa polskiego.<\/code><\/pre>\n\n\n\n<p>Data opublikowania regulaminu: Lipiec 2024r.<\/p>\n","protected":false},"excerpt":{"rendered":"<p>Regulamin Sklepu Internetowego \u00a7 1 Postanowienia og\u00f3lne \u00a7 2 Zam\u00f3wienia \u00a7 3 Dostawa \u00a7 4 P\u0142atno\u015bci \u00a7 5 Zwroty i reklamacje \u00a7 6 Postanowienia ko\u0144cowe&hellip;<\/p>\n","protected":false},"author":1,"featured_media":0,"parent":0,"menu_order":0,"comment_status":"closed","ping_status":"closed","template":"","meta":{"footnotes":""},"class_list":["post-107","page","type-page","status-publish","hentry"],"_links":{"self":[{"href":"https:\/\/sklep.telmalmk.pl\/index.php?rest_route=\/wp\/v2\/pages\/107","targetHints":{"allow":["GET"]}}],"collection":[{"href":"https:\/\/sklep.telmalmk.pl\/index.php?rest_route=\/wp\/v2\/pages"}],"about":[{"href":"https:\/\/sklep.telmalmk.pl\/index.php?rest_route=\/wp\/v2\/types\/page"}],"author":[{"embeddable":true,"href":"https:\/\/sklep.telmalmk.pl\/index.php?rest_route=\/wp\/v2\/users\/1"}],"replies":[{"embeddable":true,"href":"https:\/\/sklep.telmalmk.pl\/index.php?rest_route=%2Fwp%2Fv2%2Fcomments&post=107"}],"version-history":[{"count":2,"href":"https:\/\/sklep.telmalmk.pl\/index.php?rest_route=\/wp\/v2\/pages\/107\/revisions"}],"predecessor-version":[{"id":127,"href":"https:\/\/sklep.telmalmk.pl\/index.php?rest_route=\/wp\/v2\/pages\/107\/revisions\/127"}],"wp:attachment":[{"href":"https:\/\/sklep.telmalmk.pl\/index.php?rest_route=%2Fwp%2Fv2%2Fmedia&parent=107"}],"curies":[{"name":"wp","href":"https:\/\/api.w.org\/{rel}","templated":true}]}}